{"id":64,"date":"2020-05-01T12:29:12","date_gmt":"2020-05-01T12:29:12","guid":{"rendered":"http:\/\/kalkantenstube.de\/?page_id=64"},"modified":"2024-08-21T13:00:14","modified_gmt":"2024-08-21T13:00:14","slug":"foerderer-und-freunde-2","status":"publish","type":"page","link":"https:\/\/kalkantenstube.de\/?page_id=64","title":{"rendered":"F\u00f6rderer*innen"},"content":{"rendered":"\n<figure class=\"wp-block-gallery has-nested-images columns-4 wp-block-gallery-1 is-layout-flex wp-block-gallery-is-layout-flex\">\n<figure class=\"wp-block-image\"><img loading=\"lazy\" decoding=\"async\" width=\"300\" height=\"146\" data-id=\"417\" src=\"http:\/\/kalkantenstube.de\/wp-content\/uploads\/2020\/08\/Logo-mit-Text-f\u00fcr-Homepage-300x146.jpg\" alt=\"\" class=\"wp-image-417\" srcset=\"https:\/\/kalkantenstube.de\/wp-content\/uploads\/2020\/08\/Logo-mit-Text-f\u00fcr-Homepage-300x146.jpg 300w, https:\/\/kalkantenstube.de\/wp-content\/uploads\/2020\/08\/Logo-mit-Text-f\u00fcr-Homepage.jpg 333w\" sizes=\"auto, (max-width: 300px) 100vw, 300px\" \/><\/figure>\n\n\n\n<figure class=\"wp-block-image\"><img loading=\"lazy\" decoding=\"async\" width=\"300\" height=\"150\" data-id=\"339\" src=\"http:\/\/kalkantenstube.de\/wp-content\/uploads\/2020\/05\/EKvW_zweizeilig_RGB_farbig_kompakt-300x150.jpg\" alt=\"\" class=\"wp-image-339\" srcset=\"https:\/\/kalkantenstube.de\/wp-content\/uploads\/2020\/05\/EKvW_zweizeilig_RGB_farbig_kompakt-300x150.jpg 300w, https:\/\/kalkantenstube.de\/wp-content\/uploads\/2020\/05\/EKvW_zweizeilig_RGB_farbig_kompakt.jpg 601w\" sizes=\"auto, (max-width: 300px) 100vw, 300px\" \/><\/figure>\n\n\n\n<figure class=\"wp-block-image\"><img loading=\"lazy\" decoding=\"async\" width=\"300\" height=\"187\" data-id=\"333\" src=\"http:\/\/kalkantenstube.de\/wp-content\/uploads\/2020\/05\/LWL-Logo_blau_RZ-300x187.jpg\" alt=\"\" class=\"wp-image-333\" srcset=\"https:\/\/kalkantenstube.de\/wp-content\/uploads\/2020\/05\/LWL-Logo_blau_RZ-300x187.jpg 300w, https:\/\/kalkantenstube.de\/wp-content\/uploads\/2020\/05\/LWL-Logo_blau_RZ-1024x637.jpg 1024w, https:\/\/kalkantenstube.de\/wp-content\/uploads\/2020\/05\/LWL-Logo_blau_RZ-768x478.jpg 768w, https:\/\/kalkantenstube.de\/wp-content\/uploads\/2020\/05\/LWL-Logo_blau_RZ-1536x955.jpg 1536w, https:\/\/kalkantenstube.de\/wp-content\/uploads\/2020\/05\/LWL-Logo_blau_RZ.jpg 1696w\" sizes=\"auto, (max-width: 300px) 100vw, 300px\" \/><\/figure>\n\n\n\n<figure class=\"wp-block-image\"><img loading=\"lazy\" decoding=\"async\" width=\"300\" height=\"213\" data-id=\"334\" src=\"http:\/\/kalkantenstube.de\/wp-content\/uploads\/2020\/05\/Lions-Logo-300x213.jpg\" alt=\"\" class=\"wp-image-334\" srcset=\"https:\/\/kalkantenstube.de\/wp-content\/uploads\/2020\/05\/Lions-Logo-300x213.jpg 300w, https:\/\/kalkantenstube.de\/wp-content\/uploads\/2020\/05\/Lions-Logo.jpg 640w\" sizes=\"auto, (max-width: 300px) 100vw, 300px\" \/><\/figure>\n<\/figure>\n\n\n\n<div class=\"wp-block-media-text alignwide has-media-on-the-right is-stacked-on-mobile\"><figure class=\"wp-block-media-text__media\"><a href=\"https:\/\/www.nrw-stiftung.de\" target=\"_blank\" rel=\"noopener noreferrer\"><img loading=\"lazy\" decoding=\"async\" width=\"1024\" height=\"456\" src=\"http:\/\/kalkantenstube.de\/wp-content\/uploads\/2020\/05\/logo-nrw-stiftung-1024x456.jpg\" alt=\"\" class=\"wp-image-335 size-full\" srcset=\"https:\/\/kalkantenstube.de\/wp-content\/uploads\/2020\/05\/logo-nrw-stiftung-1024x456.jpg 1024w, https:\/\/kalkantenstube.de\/wp-content\/uploads\/2020\/05\/logo-nrw-stiftung-300x134.jpg 300w, https:\/\/kalkantenstube.de\/wp-content\/uploads\/2020\/05\/logo-nrw-stiftung-768x342.jpg 768w, https:\/\/kalkantenstube.de\/wp-content\/uploads\/2020\/05\/logo-nrw-stiftung-2048x912.jpg 2048w\" sizes=\"auto, (max-width: 767px) 89vw, (max-width: 1000px) 54vw, (max-width: 1071px) 543px, 580px\" \/><\/a><\/figure><div class=\"wp-block-media-text__content\">\n<p>unser besonderer Dank gilt:<\/p>\n<\/div><\/div>\n\n\n\n<p><br>F\u00f6rderer*innen und Freund*innen der historischen Kalkantenstube haben die Ausstellung m\u00f6glich gemacht und unterst\u00fctzen sie mit viel Engagement.<\/p>\n\n\n\n<p><br><br>Der <strong>F\u00f6rderverein historische Kalkantenstube e. V.<\/strong><br><\/p>\n\n\n\n<p>Werden Sie doch Mitglied!<\/p>\n\n\n\n<p>Durch Ihre Mitgliedschaft unterst\u00fctzen Sie die historische Kalkantenstube in Erhaltung und Betrieb. Dazu z\u00e4hlen die Pflege der Ausstellung, das Angebot von Besichtigungsm\u00f6glichkeiten, die Unterhaltung der historischen Roetzel-Orgel, Vermittlungsangebote und die \u00d6ffentlichkeitsarbeit. Der j\u00e4hrliche Mindestbeitrag betr\u00e4gt 20 Euro.<\/p>\n\n\n\n<div class=\"wp-block-file\"><a id=\"wp-block-file--media-09fc2409-1b12-401f-86b4-79e26af3102f\" href=\"https:\/\/kalkantenstube.de\/wp-content\/uploads\/2024\/08\/Aufnahmeantrag-Kalkantenstube-v2.pdf\" target=\"_blank\" rel=\"noreferrer noopener\">Aufnahmeantrag-Kalkantenstube-v2<\/a><a href=\"https:\/\/kalkantenstube.de\/wp-content\/uploads\/2024\/08\/Aufnahmeantrag-Kalkantenstube-v2.pdf\" class=\"wp-block-file__button\" download aria-describedby=\"wp-block-file--media-09fc2409-1b12-401f-86b4-79e26af3102f\">Herunterladen<\/a><\/div>\n\n\n\n<p><br>Oder unterst\u00fctzen Sie uns mit einem einmaligen Beitrag.<br>Spendenkonto:<br><strong>F\u00f6rderverein hist. Kalkantenstube e.V.<br>DE70 4305 1040 0000 2137 02<\/strong><br><strong>WELADED1HTG<\/strong> (Sparkasse Hattingen)<br><em>Bitte Adresse Im Verwendungszweck angeben, damit eine Spendenquittung erstellt werden kann.<\/em><\/p>\n\n\n\n<p><br><\/p>\n\n\n\n<p><br><strong>Ehrenamt<\/strong><br>Die historische Kalkantenstube wird durch ehrenamtliche Helfer*innen unterst\u00fctzt, die Besucher*innen freundlich empfangen, informieren und ihnen die historische Kalkantenstube zeigen. Die F\u00fchrer*innen werden individuell geschult. Vorkenntnisse sind nicht erforderlich. Wir freuen uns immer \u00fcber neue Ausstellungsf\u00fchrer*innen. Weitere Information gibt gern Mar\u00eda Cristina Witte, erreichbar per Mail unter <a href=\"mailto:witte@kirche-hawi.de\">witte@kirche-hawi.de<\/a><\/p>\n\n\n\n<p><strong>NRW Stiftung<\/strong><br>Rund 3.300 Natur- und Kulturprojekte konnte die Landesstiftung seit ihrer Gr\u00fcndung 1986 mit rund 280 Millionen Euro f\u00f6rdern. Die Mittel kommen daf\u00fcr vom Land NRW aus Lotterieertr\u00e4gen von Westlotto aber auch stark zunehmend aus den Mitgliedsbeitr\u00e4gen und Spenden ihres F\u00f6rdervereins. Eines der Projekte, dass nur durch diese Stiftung m\u00f6glich war, ist die Kalkantenstube der St.-Georgs-Kirche in Hattingen.<\/p>\n\n\n\n<p><a href=\"https:\/\/www.nrw-stiftung.de\/\">https:\/\/www.nrw-stiftung.de\/<\/a><br><br><\/p>\n\n\n\n<p><strong>LWL<\/strong><br>Der Landschaftsverband Westfalen-Lippe (LWL) f\u00f6rdert neben besonders kostspieligen Ma\u00dfnahmen verschiedene kleinere Bau- und Einrichtungsma\u00dfnahmen in westf\u00e4lischen Museen und Heimatstuben. Die Einrichtung der Kalkantenstube wurde w\u00e4hrend der \u00fcber f\u00fcnfj\u00e4hrigen Planungsphase beratend begleitet und in der Umsetzung gro\u00dfz\u00fcgig finanziell unterst\u00fctzt.<\/p>\n\n\n\n<p><a href=\"https:\/\/www.lwl.org\/de\/LWL\/portal\/\">https:\/\/www.lwl.org\/de\/LWL\/portal\/<\/a><br><br><\/p>\n\n\n\n<p><strong>Lions Hattingen<\/strong><br>Mit dem Motto &#8222;we serve&#8220; dienen Lions der Gemeinschaft und helfen, die Beziehungen zwisMit dem Motto \u201ewe serve\u201c dienen Lions der Gemeinschaft und helfen, die Beziehungen zwischen den V\u00f6lkern zu entwickeln und dadurch den Weltfrieden zu f\u00f6rdern sowie die Kulturg\u00fcter sinnvoll zu bewahren. Der Hattinger Lionsclub hat die Kalkantenstube gro\u00dfz\u00fcgig unterst\u00fctzt.<\/p>\n\n\n\n<p><a href=\"https:\/\/www.lions.de\/web\/lc-hattingen-ruhr\">https:\/\/www.lions.de\/web\/lc-hattingen-ruhr<\/a><br><br><\/p>\n\n\n\n<p><\/p>\n","protected":false},"excerpt":{"rendered":"<p>unser besonderer Dank gilt: F\u00f6rderer*innen und Freund*innen der historischen Kalkantenstube haben die Ausstellung m\u00f6glich gemacht und unterst\u00fctzen sie mit viel Engagement. Der F\u00f6rderverein historische Kalkantenstube e. V. Werden Sie doch Mitglied! Durch Ihre Mitgliedschaft unterst\u00fctzen Sie die historische Kalkantenstube in Erhaltung und Betrieb. Dazu z\u00e4hlen die Pflege der Ausstellung, das Angebot von Besichtigungsm\u00f6glichkeiten, die Unterhaltung &hellip; <\/p>\n<p class=\"link-more\"><a href=\"https:\/\/kalkantenstube.de\/?page_id=64\" class=\"more-link\"><span class=\"screen-reader-text\">\u201eF\u00f6rderer*innen\u201c<\/span> weiterlesen<\/a><\/p>\n","protected":false},"author":1,"featured_media":0,"parent":0,"menu_order":0,"comment_status":"closed","ping_status":"closed","template":"","meta":{"footnotes":""},"class_list":["post-64","page","type-page","status-publish","hentry"],"_links":{"self":[{"href":"https:\/\/kalkantenstube.de\/index.php?rest_route=\/wp\/v2\/pages\/64","targetHints":{"allow":["GET"]}}],"collection":[{"href":"https:\/\/kalkantenstube.de\/index.php?rest_route=\/wp\/v2\/pages"}],"about":[{"href":"https:\/\/kalkantenstube.de\/index.php?rest_route=\/wp\/v2\/types\/page"}],"author":[{"embeddable":true,"href":"https:\/\/kalkantenstube.de\/index.php?rest_route=\/wp\/v2\/users\/1"}],"replies":[{"embeddable":true,"href":"https:\/\/kalkantenstube.de\/index.php?rest_route=%2Fwp%2Fv2%2Fcomments&post=64"}],"version-history":[{"count":30,"href":"https:\/\/kalkantenstube.de\/index.php?rest_route=\/wp\/v2\/pages\/64\/revisions"}],"predecessor-version":[{"id":465,"href":"https:\/\/kalkantenstube.de\/index.php?rest_route=\/wp\/v2\/pages\/64\/revisions\/465"}],"wp:attachment":[{"href":"https:\/\/kalkantenstube.de\/index.php?rest_route=%2Fwp%2Fv2%2Fmedia&parent=64"}],"curies":[{"name":"wp","href":"https:\/\/api.w.org\/{rel}","templated":true}]}}