{"id":47,"date":"2020-05-01T11:50:26","date_gmt":"2020-05-01T11:50:26","guid":{"rendered":"http:\/\/kalkantenstube.de\/?page_id=47"},"modified":"2024-08-21T12:44:04","modified_gmt":"2024-08-21T12:44:04","slug":"barrierefreiheit","status":"publish","type":"page","link":"https:\/\/kalkantenstube.de\/?page_id=47","title":{"rendered":"Barrierefreiheit"},"content":{"rendered":"\n<figure class=\"wp-block-image size-medium\"><img loading=\"lazy\" decoding=\"async\" width=\"300\" height=\"225\" src=\"http:\/\/kalkantenstube.de\/wp-content\/uploads\/2020\/05\/Barrierefreiheit_Kalkantenstube_St.Georg_Hattingen-300x225.jpg\" alt=\"\" class=\"wp-image-377\" srcset=\"https:\/\/kalkantenstube.de\/wp-content\/uploads\/2020\/05\/Barrierefreiheit_Kalkantenstube_St.Georg_Hattingen-300x225.jpg 300w, https:\/\/kalkantenstube.de\/wp-content\/uploads\/2020\/05\/Barrierefreiheit_Kalkantenstube_St.Georg_Hattingen-1024x769.jpg 1024w, https:\/\/kalkantenstube.de\/wp-content\/uploads\/2020\/05\/Barrierefreiheit_Kalkantenstube_St.Georg_Hattingen-768x577.jpg 768w, https:\/\/kalkantenstube.de\/wp-content\/uploads\/2020\/05\/Barrierefreiheit_Kalkantenstube_St.Georg_Hattingen-1536x1154.jpg 1536w, https:\/\/kalkantenstube.de\/wp-content\/uploads\/2020\/05\/Barrierefreiheit_Kalkantenstube_St.Georg_Hattingen-2048x1538.jpg 2048w\" sizes=\"auto, (max-width: 300px) 100vw, 300px\" \/><\/figure>\n\n\n\n<p><strong>Kalkantenstube<\/strong><br>Die Kalkantenstube ist ein historischer Raum und deshalb leider nicht barrierefrei zug\u00e4nglich. Andere Bereiche der Kirche sind barrierefrei zug\u00e4nglich und erm\u00f6glichen Ihnen die Besichtigung einer Vielzahl historisch interessanter und spirituell inspirierender Sch\u00e4tze.<\/p>\n\n\n\n<p><strong>St.-Georgs-Kirche<\/strong> <br>Die St.-Georgs-Kirche im Herzen der Hattinger Altstadt ist barrierefrei zug\u00e4nglich. Der rollstuhlgerechte Eingang liegt an der Nordseite der Kirche und wird von Mitarbeiter*innen auf Anfrage ge\u00f6ffnet. Sie k\u00f6nnen barrierefreie F\u00fchrungen durch ausgebildete Kirchenf\u00fchrer*innen auf Anfrage buchen: Tel. (0 23 24) 867 36 43. W\u00e4hrend der \u201eOffenen Kirche\u201c sind die freundlichen Mitarbeiter*innen jederzeit ansprechbar und geben gern Ausk\u00fcnfte.<\/p>\n\n\n\n<p><a href=\"https:\/\/www.stgeorg-hattingen.de\/gemeinde\/st-georgs-kirche\/offene-kirche\">https:\/\/www.stgeorg-hattingen.de\/gemeinde\/st-georgs-kirche\/offene-kirche<\/a><\/p>\n\n\n\n<p><\/p>\n","protected":false},"excerpt":{"rendered":"<p>KalkantenstubeDie Kalkantenstube ist ein historischer Raum und deshalb leider nicht barrierefrei zug\u00e4nglich. Andere Bereiche der Kirche sind barrierefrei zug\u00e4nglich und erm\u00f6glichen Ihnen die Besichtigung einer Vielzahl historisch interessanter und spirituell inspirierender Sch\u00e4tze. St.-Georgs-Kirche Die St.-Georgs-Kirche im Herzen der Hattinger Altstadt ist barrierefrei zug\u00e4nglich. Der rollstuhlgerechte Eingang liegt an der Nordseite der Kirche und wird von &hellip; <\/p>\n<p class=\"link-more\"><a href=\"https:\/\/kalkantenstube.de\/?page_id=47\" class=\"more-link\"><span class=\"screen-reader-text\">\u201eBarrierefreiheit\u201c<\/span> weiterlesen<\/a><\/p>\n","protected":false},"author":1,"featured_media":0,"parent":0,"menu_order":0,"comment_status":"closed","ping_status":"closed","template":"","meta":{"footnotes":""},"class_list":["post-47","page","type-page","status-publish","hentry"],"_links":{"self":[{"href":"https:\/\/kalkantenstube.de\/index.php?rest_route=\/wp\/v2\/pages\/47","targetHints":{"allow":["GET"]}}],"collection":[{"href":"https:\/\/kalkantenstube.de\/index.php?rest_route=\/wp\/v2\/pages"}],"about":[{"href":"https:\/\/kalkantenstube.de\/index.php?rest_route=\/wp\/v2\/types\/page"}],"author":[{"embeddable":true,"href":"https:\/\/kalkantenstube.de\/index.php?rest_route=\/wp\/v2\/users\/1"}],"replies":[{"embeddable":true,"href":"https:\/\/kalkantenstube.de\/index.php?rest_route=%2Fwp%2Fv2%2Fcomments&post=47"}],"version-history":[{"count":6,"href":"https:\/\/kalkantenstube.de\/index.php?rest_route=\/wp\/v2\/pages\/47\/revisions"}],"predecessor-version":[{"id":458,"href":"https:\/\/kalkantenstube.de\/index.php?rest_route=\/wp\/v2\/pages\/47\/revisions\/458"}],"wp:attachment":[{"href":"https:\/\/kalkantenstube.de\/index.php?rest_route=%2Fwp%2Fv2%2Fmedia&parent=47"}],"curies":[{"name":"wp","href":"https:\/\/api.w.org\/{rel}","templated":true}]}}