{"id":45,"date":"2020-05-01T11:48:44","date_gmt":"2020-05-01T11:48:44","guid":{"rendered":"http:\/\/kalkantenstube.de\/?page_id=45"},"modified":"2020-05-29T10:49:23","modified_gmt":"2020-05-29T10:49:23","slug":"eintrittspreise","status":"publish","type":"page","link":"https:\/\/kalkantenstube.de\/?page_id=45","title":{"rendered":"Eintrittspreise"},"content":{"rendered":"\n<figure class=\"wp-block-image size-medium\"><img loading=\"lazy\" decoding=\"async\" width=\"300\" height=\"228\" src=\"http:\/\/kalkantenstube.de\/wp-content\/uploads\/2020\/05\/Besuch_Kalkantenstube_St.Georg_Hattingen-300x228.jpg\" alt=\"\" class=\"wp-image-378\" srcset=\"https:\/\/kalkantenstube.de\/wp-content\/uploads\/2020\/05\/Besuch_Kalkantenstube_St.Georg_Hattingen-300x228.jpg 300w, https:\/\/kalkantenstube.de\/wp-content\/uploads\/2020\/05\/Besuch_Kalkantenstube_St.Georg_Hattingen-1024x777.jpg 1024w, https:\/\/kalkantenstube.de\/wp-content\/uploads\/2020\/05\/Besuch_Kalkantenstube_St.Georg_Hattingen-768x583.jpg 768w, https:\/\/kalkantenstube.de\/wp-content\/uploads\/2020\/05\/Besuch_Kalkantenstube_St.Georg_Hattingen-1536x1166.jpg 1536w, https:\/\/kalkantenstube.de\/wp-content\/uploads\/2020\/05\/Besuch_Kalkantenstube_St.Georg_Hattingen.jpg 1960w\" sizes=\"auto, (max-width: 300px) 100vw, 300px\" \/><\/figure>\n\n\n\n<p>\u20ac 3,50 inklusive F\u00fchrung <br>(Kinder haben freien Eintritt)<\/p>\n\n\n<p>Eine F\u00fchrung dauert 25 Minuten. <br>Erfragen Sie aktuelle Termine oder buchen Sie Gruppenf\u00fchrungen per Mail an<a href=\"mailto:kirchenmusik-stgeorg@kirche-hawi.de\"> <br>kirchenmusik-stgeorg@kirche-hawi.de<\/a> oder telefonisch (0 23 24) 2 25 24<\/p>\n\n\n<p>Pro F\u00fchrung k\u00f6nnen 8 \u2013 10 Personen die Ausstellung betreten.<\/p>\n\n\n\n<p><a href=\"http:\/\/kalkantenstube.de\/?page_id=29\">Informationen zu den F\u00fchrungen.<\/a><\/p>\n","protected":false},"excerpt":{"rendered":"<p>\u20ac 3,50 inklusive F\u00fchrung (Kinder haben freien Eintritt) Eine F\u00fchrung dauert 25 Minuten. Erfragen Sie aktuelle Termine oder buchen Sie Gruppenf\u00fchrungen per Mail an kirchenmusik-stgeorg@kirche-hawi.de oder telefonisch (0 23 24) 2 25 24 Pro F\u00fchrung k\u00f6nnen 8 \u2013 10 Personen die Ausstellung betreten. Informationen zu den F\u00fchrungen.<\/p>\n","protected":false},"author":1,"featured_media":0,"parent":0,"menu_order":0,"comment_status":"closed","ping_status":"closed","template":"","meta":{"footnotes":""},"class_list":["post-45","page","type-page","status-publish","hentry"],"_links":{"self":[{"href":"https:\/\/kalkantenstube.de\/index.php?rest_route=\/wp\/v2\/pages\/45","targetHints":{"allow":["GET"]}}],"collection":[{"href":"https:\/\/kalkantenstube.de\/index.php?rest_route=\/wp\/v2\/pages"}],"about":[{"href":"https:\/\/kalkantenstube.de\/index.php?rest_route=\/wp\/v2\/types\/page"}],"author":[{"embeddable":true,"href":"https:\/\/kalkantenstube.de\/index.php?rest_route=\/wp\/v2\/users\/1"}],"replies":[{"embeddable":true,"href":"https:\/\/kalkantenstube.de\/index.php?rest_route=%2Fwp%2Fv2%2Fcomments&post=45"}],"version-history":[{"count":8,"href":"https:\/\/kalkantenstube.de\/index.php?rest_route=\/wp\/v2\/pages\/45\/revisions"}],"predecessor-version":[{"id":393,"href":"https:\/\/kalkantenstube.de\/index.php?rest_route=\/wp\/v2\/pages\/45\/revisions\/393"}],"wp:attachment":[{"href":"https:\/\/kalkantenstube.de\/index.php?rest_route=%2Fwp%2Fv2%2Fmedia&parent=45"}],"curies":[{"name":"wp","href":"https:\/\/api.w.org\/{rel}","templated":true}]}}