{"id":43,"date":"2020-05-01T11:42:04","date_gmt":"2020-05-01T11:42:04","guid":{"rendered":"http:\/\/kalkantenstube.de\/?page_id=43"},"modified":"2024-08-21T12:44:59","modified_gmt":"2024-08-21T12:44:59","slug":"aktuelle-nachrichten","status":"publish","type":"page","link":"https:\/\/kalkantenstube.de\/?page_id=43","title":{"rendered":"Aktuelle Nachrichten"},"content":{"rendered":"\n<figure class=\"wp-block-image size-medium\"><img loading=\"lazy\" decoding=\"async\" width=\"300\" height=\"204\" src=\"http:\/\/kalkantenstube.de\/wp-content\/uploads\/2020\/05\/Aktuelles_Kalkantenstube_St.Georg_Hattingen-300x204.jpg\" alt=\"\" class=\"wp-image-388\" srcset=\"https:\/\/kalkantenstube.de\/wp-content\/uploads\/2020\/05\/Aktuelles_Kalkantenstube_St.Georg_Hattingen-300x204.jpg 300w, https:\/\/kalkantenstube.de\/wp-content\/uploads\/2020\/05\/Aktuelles_Kalkantenstube_St.Georg_Hattingen-1024x697.jpg 1024w, https:\/\/kalkantenstube.de\/wp-content\/uploads\/2020\/05\/Aktuelles_Kalkantenstube_St.Georg_Hattingen-768x522.jpg 768w, https:\/\/kalkantenstube.de\/wp-content\/uploads\/2020\/05\/Aktuelles_Kalkantenstube_St.Georg_Hattingen-1536x1045.jpg 1536w, https:\/\/kalkantenstube.de\/wp-content\/uploads\/2020\/05\/Aktuelles_Kalkantenstube_St.Georg_Hattingen-2048x1393.jpg 2048w\" sizes=\"auto, (max-width: 300px) 100vw, 300px\" \/><\/figure>\n\n\n\n<p><strong>Solof\u00fchrungen m\u00f6glich<\/strong><\/p>\n\n\n\n<p>Wir freuen uns, Ihnen aufgrund der hohen Nachfrage nun regelm\u00e4\u00dfig F\u00fchrungen anbieten zu k\u00f6nnen.<br>Die F\u00fchrungen finden sonntags um 11.30 Uhr (im Anschluss an den Gottesdienst) statt:<br><a href=\"https:\/\/www.veranstaltungen-ekvw.de\/panels?vid=156&amp;q=kalkant\"><strong>Eine Liste der aktuell angebotenen F\u00fchrungen mit M\u00f6glichkeit zur Anmeldung finden Sie hier.<\/strong><\/a><\/p>\n\n\n\n<p>F\u00fcr Sonderf\u00fchrungen nehmen Sie bitte Kontakt mit uns auf:<br>Mail <a href=\"mailto:kirchenmusikstgeorg@kirche-hawi.de\"><\/a><a href=\"mailto:kirchenmusik-stgeorg@kirche-hawi.de\">kirchenmusik-stgeorg@kirche-hawi.de<\/a><br>Tel. (0 23 24) 2 25 24<br><\/p>\n","protected":false},"excerpt":{"rendered":"<p>Solof\u00fchrungen m\u00f6glich Wir freuen uns, Ihnen aufgrund der hohen Nachfrage nun regelm\u00e4\u00dfig F\u00fchrungen anbieten zu k\u00f6nnen.Die F\u00fchrungen finden sonntags um 11.30 Uhr (im Anschluss an den Gottesdienst) statt:Eine Liste der aktuell angebotenen F\u00fchrungen mit M\u00f6glichkeit zur Anmeldung finden Sie hier. F\u00fcr Sonderf\u00fchrungen nehmen Sie bitte Kontakt mit uns auf:Mail kirchenmusik-stgeorg@kirche-hawi.deTel. (0 23 24) 2 25 &hellip; <\/p>\n<p class=\"link-more\"><a href=\"https:\/\/kalkantenstube.de\/?page_id=43\" class=\"more-link\"><span class=\"screen-reader-text\">\u201eAktuelle Nachrichten\u201c<\/span> weiterlesen<\/a><\/p>\n","protected":false},"author":1,"featured_media":0,"parent":0,"menu_order":0,"comment_status":"closed","ping_status":"closed","template":"","meta":{"footnotes":""},"class_list":["post-43","page","type-page","status-publish","hentry"],"_links":{"self":[{"href":"https:\/\/kalkantenstube.de\/index.php?rest_route=\/wp\/v2\/pages\/43","targetHints":{"allow":["GET"]}}],"collection":[{"href":"https:\/\/kalkantenstube.de\/index.php?rest_route=\/wp\/v2\/pages"}],"about":[{"href":"https:\/\/kalkantenstube.de\/index.php?rest_route=\/wp\/v2\/types\/page"}],"author":[{"embeddable":true,"href":"https:\/\/kalkantenstube.de\/index.php?rest_route=\/wp\/v2\/users\/1"}],"replies":[{"embeddable":true,"href":"https:\/\/kalkantenstube.de\/index.php?rest_route=%2Fwp%2Fv2%2Fcomments&post=43"}],"version-history":[{"count":10,"href":"https:\/\/kalkantenstube.de\/index.php?rest_route=\/wp\/v2\/pages\/43\/revisions"}],"predecessor-version":[{"id":459,"href":"https:\/\/kalkantenstube.de\/index.php?rest_route=\/wp\/v2\/pages\/43\/revisions\/459"}],"wp:attachment":[{"href":"https:\/\/kalkantenstube.de\/index.php?rest_route=%2Fwp%2Fv2%2Fmedia&parent=43"}],"curies":[{"name":"wp","href":"https:\/\/api.w.org\/{rel}","templated":true}]}}