{"id":32,"date":"2020-05-01T11:11:23","date_gmt":"2020-05-01T11:11:23","guid":{"rendered":"http:\/\/kalkantenstube.de\/?page_id=32"},"modified":"2020-05-29T11:19:59","modified_gmt":"2020-05-29T11:19:59","slug":"fuer-kinder","status":"publish","type":"page","link":"https:\/\/kalkantenstube.de\/?page_id=32","title":{"rendered":"F\u00fcr Kinder"},"content":{"rendered":"\n<p>Bei uns kannst du sehen, was sich hinter der Orgel versteckt!<br>Willst du ein Kalkant werden? Wir zeigen dir, was so ein Windmacher zu tun hat, damit die Orgel spielen kann.<\/p>\n\n\n\n<p>Bei uns kannst du vieles nicht nur anschauen, sondern ausprobieren und erforschen.<br>Und du kannst lernen, wie Orgeln seit alters her gebaut werden!<br><\/p>\n\n\n\n<figure class=\"wp-block-image size-large is-resized\"><img loading=\"lazy\" decoding=\"async\" src=\"http:\/\/kalkantenstube.de\/wp-content\/uploads\/2020\/05\/F\u00fcr-Kinder_Schnuppern_Kalkantenstube_St.Georg_Hattingen.jpg-727x1024.jpg\" alt=\"\" class=\"wp-image-380\" width=\"545\" height=\"768\" srcset=\"https:\/\/kalkantenstube.de\/wp-content\/uploads\/2020\/05\/F\u00fcr-Kinder_Schnuppern_Kalkantenstube_St.Georg_Hattingen.jpg-727x1024.jpg 727w, https:\/\/kalkantenstube.de\/wp-content\/uploads\/2020\/05\/F\u00fcr-Kinder_Schnuppern_Kalkantenstube_St.Georg_Hattingen.jpg-213x300.jpg 213w, https:\/\/kalkantenstube.de\/wp-content\/uploads\/2020\/05\/F\u00fcr-Kinder_Schnuppern_Kalkantenstube_St.Georg_Hattingen.jpg-768x1082.jpg 768w, https:\/\/kalkantenstube.de\/wp-content\/uploads\/2020\/05\/F\u00fcr-Kinder_Schnuppern_Kalkantenstube_St.Georg_Hattingen.jpg.jpg 983w\" sizes=\"auto, (max-width: 545px) 100vw, 545px\" \/><\/figure>\n\n\n\n<h3 class=\"wp-block-heading\"><em><em>Kinderf\u00fchrungen<\/em><\/em><\/h3>\n\n\n\n<p>Die F\u00fchrung ist f\u00fcr Kinder von 6 \u2013 16 Jahren geeignet. Bitte geben Sie bei der Buchungsanfrage das Alter der Kinder mit an.<\/p>\n\n\n\n<p>Hier k\u00f6nnen Sie Ihre Anfrage stellen:<br>Mail <a href=\"mailto:kirchenmusikstgeorg@kirche-hawi.de\"><\/a><a href=\"mailto:kirchenmusik-stgeorg@kirche-hawi.de\">kirchenmusik-stgeorg@kirche-hawi.de<\/a><br>Tel. (0 23 24) 2 25 24<br>Wir melden uns bei Ihnen.<br><\/p>\n\n\n\n<p><\/p>\n\n\n\n<h3 class=\"wp-block-heading\"><em><em>Familienf\u00fchrungen<\/em><\/em><\/h3>\n\n\n\n<p>Sie k\u00f6nnen f\u00fcr eine Gruppe von Erwachsenen und Kindern (8 &#8211; 10 Personen) eine F\u00fchrung buchen und einen Termin individuell absprechen.<br>Die F\u00fchrung ist f\u00fcr Kinder ab 6 Jahren geeignet. Bitte geben Sie bei der Buchungsanfrage das Alter der Kinder mit an.<\/p>\n\n\n\n<p>Hier k\u00f6nnen Sie Ihre Anfrage stellen:<br>Mail <a href=\"mailto:kirchenmusikstgeorg@kirche-hawi.de\"><\/a><a href=\"mailto:kirchenmusik-stgeorg@kirche-hawi.de\">kirchenmusik-stgeorg@kirche-hawi.de<\/a><br>Tel. (0 23 24) 2 25 24<br>Wir melden uns bei Ihnen.<\/p>\n\n\n\n<p>Der Eintritt pro Person betr\u00e4gt \u20ac 3,50<br><strong>Kinder kostenlos.<\/strong><br><\/p>\n\n\n\n<p><\/p>\n\n\n\n<figure class=\"wp-block-image size-large is-resized\"><img loading=\"lazy\" decoding=\"async\" src=\"http:\/\/kalkantenstube.de\/wp-content\/uploads\/2020\/05\/F\u00fcr-Kinder2_Schnuppern_Kalkantenstube_St.Georg_Hattingen.jpg-768x1024.jpg\" alt=\"\" class=\"wp-image-381\" width=\"384\" height=\"512\" srcset=\"https:\/\/kalkantenstube.de\/wp-content\/uploads\/2020\/05\/F\u00fcr-Kinder2_Schnuppern_Kalkantenstube_St.Georg_Hattingen.jpg-768x1024.jpg 768w, https:\/\/kalkantenstube.de\/wp-content\/uploads\/2020\/05\/F\u00fcr-Kinder2_Schnuppern_Kalkantenstube_St.Georg_Hattingen.jpg-225x300.jpg 225w, https:\/\/kalkantenstube.de\/wp-content\/uploads\/2020\/05\/F\u00fcr-Kinder2_Schnuppern_Kalkantenstube_St.Georg_Hattingen.jpg-1152x1536.jpg 1152w, https:\/\/kalkantenstube.de\/wp-content\/uploads\/2020\/05\/F\u00fcr-Kinder2_Schnuppern_Kalkantenstube_St.Georg_Hattingen.jpg-1536x2048.jpg 1536w, https:\/\/kalkantenstube.de\/wp-content\/uploads\/2020\/05\/F\u00fcr-Kinder2_Schnuppern_Kalkantenstube_St.Georg_Hattingen.jpg-scaled.jpg 1920w\" sizes=\"auto, (max-width: 384px) 100vw, 384px\" \/><\/figure>\n","protected":false},"excerpt":{"rendered":"<p>Bei uns kannst du sehen, was sich hinter der Orgel versteckt!Willst du ein Kalkant werden? Wir zeigen dir, was so ein Windmacher zu tun hat, damit die Orgel spielen kann. Bei uns kannst du vieles nicht nur anschauen, sondern ausprobieren und erforschen.Und du kannst lernen, wie Orgeln seit alters her gebaut werden! Kinderf\u00fchrungen Die F\u00fchrung &hellip; <\/p>\n<p class=\"link-more\"><a href=\"https:\/\/kalkantenstube.de\/?page_id=32\" class=\"more-link\"><span class=\"screen-reader-text\">\u201eF\u00fcr Kinder\u201c<\/span> weiterlesen<\/a><\/p>\n","protected":false},"author":1,"featured_media":0,"parent":0,"menu_order":0,"comment_status":"closed","ping_status":"closed","template":"","meta":{"footnotes":""},"class_list":["post-32","page","type-page","status-publish","hentry"],"_links":{"self":[{"href":"https:\/\/kalkantenstube.de\/index.php?rest_route=\/wp\/v2\/pages\/32","targetHints":{"allow":["GET"]}}],"collection":[{"href":"https:\/\/kalkantenstube.de\/index.php?rest_route=\/wp\/v2\/pages"}],"about":[{"href":"https:\/\/kalkantenstube.de\/index.php?rest_route=\/wp\/v2\/types\/page"}],"author":[{"embeddable":true,"href":"https:\/\/kalkantenstube.de\/index.php?rest_route=\/wp\/v2\/users\/1"}],"replies":[{"embeddable":true,"href":"https:\/\/kalkantenstube.de\/index.php?rest_route=%2Fwp%2Fv2%2Fcomments&post=32"}],"version-history":[{"count":16,"href":"https:\/\/kalkantenstube.de\/index.php?rest_route=\/wp\/v2\/pages\/32\/revisions"}],"predecessor-version":[{"id":408,"href":"https:\/\/kalkantenstube.de\/index.php?rest_route=\/wp\/v2\/pages\/32\/revisions\/408"}],"wp:attachment":[{"href":"https:\/\/kalkantenstube.de\/index.php?rest_route=%2Fwp%2Fv2%2Fmedia&parent=32"}],"curies":[{"name":"wp","href":"https:\/\/api.w.org\/{rel}","templated":true}]}}