{"id":29,"date":"2020-05-01T11:06:55","date_gmt":"2020-05-01T11:06:55","guid":{"rendered":"http:\/\/kalkantenstube.de\/?page_id=29"},"modified":"2024-01-14T21:27:22","modified_gmt":"2024-01-14T21:27:22","slug":"schnuppern-2","status":"publish","type":"page","link":"https:\/\/kalkantenstube.de\/?page_id=29","title":{"rendered":"F\u00fchrungen"},"content":{"rendered":"\n<p>Blicken Sie hinter die Kulissen der historischen Roetzel-Orgel! <br>Wir erkl\u00e4ren Ihnen, wer oder was Kalkanten sind und wie sie den Wind in die Orgelpfeifen bringen! <br>Staunen Sie \u00fcber funktionsf\u00e4hige Modelle! <br>Erfahren Sie, wie Orgeln seit alters her gebaut werden! Erklimmen Sie die historische Treppe zur Orgelempore und betreten Sie den \u00e4ltesten Winkel der Kirche!<\/p>\n\n\n\n<p>Hier erwartet Sie die Welt der Roetzel-Orgel.<\/p>\n\n\n\n<p><strong><a href=\"https:\/\/www.veranstaltungen-ekvw.de\/panels?vid=156&amp;q=kalkant\">direkt zu Terminen und Anmeldung<\/a><\/strong> (\u00fcber die Detailanzeige)<\/p>\n\n\n\n<h2 class=\"wp-block-heading\">Regul\u00e4re F\u00fchrungen<\/h2>\n\n\n\n<p>F\u00fchrungen finden regelm\u00e4\u00dfig sonntags um 11.30 Uhr statt (nach dem Gottesdienst) und dauern ca. 35 Minuten.<br>Da die Zahl der Teilnehmer*innen auf 10 begrenzt ist, ist eine Anmeldung erforderlich.<br><br>Die Besichtigung der historischen Kalkantenstube ist nur im Rahmen einer F\u00fchrung m\u00f6glich. Der Eintritt pro Person betr\u00e4gt \u20ac 3,50; Kinder kostenlos. <br>Buchung und Anmeldung s. u.<\/p>\n\n\n\n<h2 class=\"wp-block-heading\">Unsere Angebote im \u00dcberblick<\/h2>\n\n\n\n<p><em><strong>Gruppenf\u00fchrungen<\/strong><\/em> <em>(deutsch, englisch, franz\u00f6sisch)<\/em><br>Sie k\u00f6nnen f\u00fcr eine Gruppe von 8 \u2013 10 Personen eine F\u00fchrung buchen und einen Termin individuell absprechen.<strong> <\/strong> <\/p>\n\n\n\n<p><em><strong>Thematische F\u00fchrungen<\/strong><\/em><br>Auf Anfrage bieten wir F\u00fchrungen mit thematischen Schwerpunkten zur Architektur, Kunstgeschichte und technischen Aspekten rund um die Kalkantenstube an. <\/p>\n\n\n\n<p><em><strong>Kinderf\u00fchrung<\/strong><\/em><br>Sie k\u00f6nnen f\u00fcr eine Gruppe von 6 \u2013 8 Kindern eine F\u00fchrung buchen und einen Termin individuell absprechen.<br><a href=\"http:\/\/kalkantenstube.de\/?page_id=32\">Mehr Information f\u00fcr Kinder und Familien<\/a><\/p>\n\n\n\n<h2 class=\"wp-block-heading\">F\u00fchrungen buchen und Anmeldung<\/h2>\n\n\n<p><a href=\"https:\/\/www.veranstaltungen-ekvw.de\/panels?vid=156&amp;q=kalkant\"><strong>Eine komplette Liste der aktuell angebotenen F\u00fchrungen finden Sie hier.<\/strong><\/a><br \/>In der Detailansicht k\u00f6nnen Sie sich direkt online anmelden. Sollte eine F\u00fchrung nicht voll besetzt sein, k\u00f6nnen die freien Pl\u00e4tze spontan vor Ort vergeben werden.<\/p>\n<p><strong>weitere Informationen:<\/strong><\/p>\n<p>Mail <a href=\"mailto:kirchenmusik-stgeorg@kirche-hawi.de\">kirchenmusik-stgeorg@kirche-hawi.de<\/a><br \/>Tel. (0 23 24) 2 25 24<\/p>\n<p>Hier eine kurze \u00dcbersicht der kommenden Veranstaltungen. Weitere Termine finden Sie <a href=\"https:\/\/www.veranstaltungen-ekvw.de\/panels?vid=156&amp;q=kalkant\">hier<\/a>.<\/p>\n\n<p><iframe loading=\"lazy\" src=\"https:\/\/www.veranstaltungen-ekvw.de\/teaser.html?vid=156&amp;q=kalkant&amp;itemsPerPage=5&amp;encoding=utf8&amp;tpl=1\" width=\"500px\" height=\"300px\" frameborder=\"0\"><\/iframe><\/p>\n","protected":false},"excerpt":{"rendered":"<p>Blicken Sie hinter die Kulissen der historischen Roetzel-Orgel! Wir erkl\u00e4ren Ihnen, wer oder was Kalkanten sind und wie sie den Wind in die Orgelpfeifen bringen! Staunen Sie \u00fcber funktionsf\u00e4hige Modelle! Erfahren Sie, wie Orgeln seit alters her gebaut werden! Erklimmen Sie die historische Treppe zur Orgelempore und betreten Sie den \u00e4ltesten Winkel der Kirche! Hier &hellip; <\/p>\n<p class=\"link-more\"><a href=\"https:\/\/kalkantenstube.de\/?page_id=29\" class=\"more-link\"><span class=\"screen-reader-text\">\u201eF\u00fchrungen\u201c<\/span> weiterlesen<\/a><\/p>\n","protected":false},"author":1,"featured_media":0,"parent":0,"menu_order":0,"comment_status":"closed","ping_status":"closed","template":"","meta":{"footnotes":""},"class_list":["post-29","page","type-page","status-publish","hentry"],"_links":{"self":[{"href":"https:\/\/kalkantenstube.de\/index.php?rest_route=\/wp\/v2\/pages\/29","targetHints":{"allow":["GET"]}}],"collection":[{"href":"https:\/\/kalkantenstube.de\/index.php?rest_route=\/wp\/v2\/pages"}],"about":[{"href":"https:\/\/kalkantenstube.de\/index.php?rest_route=\/wp\/v2\/types\/page"}],"author":[{"embeddable":true,"href":"https:\/\/kalkantenstube.de\/index.php?rest_route=\/wp\/v2\/users\/1"}],"replies":[{"embeddable":true,"href":"https:\/\/kalkantenstube.de\/index.php?rest_route=%2Fwp%2Fv2%2Fcomments&post=29"}],"version-history":[{"count":19,"href":"https:\/\/kalkantenstube.de\/index.php?rest_route=\/wp\/v2\/pages\/29\/revisions"}],"predecessor-version":[{"id":454,"href":"https:\/\/kalkantenstube.de\/index.php?rest_route=\/wp\/v2\/pages\/29\/revisions\/454"}],"wp:attachment":[{"href":"https:\/\/kalkantenstube.de\/index.php?rest_route=%2Fwp%2Fv2%2Fmedia&parent=29"}],"curies":[{"name":"wp","href":"https:\/\/api.w.org\/{rel}","templated":true}]}}