{"id":19,"date":"2020-05-01T09:57:48","date_gmt":"2020-05-01T09:57:48","guid":{"rendered":"http:\/\/kalkantenstube.de\/?page_id=19"},"modified":"2020-10-07T14:06:12","modified_gmt":"2020-10-07T14:06:12","slug":"schnuppern","status":"publish","type":"page","link":"https:\/\/kalkantenstube.de\/?page_id=19","title":{"rendered":"Schnuppern"},"content":{"rendered":"\n<figure class=\"wp-block-audio\"><audio controls src=\"http:\/\/kalkantenstube.de\/wp-content\/uploads\/2020\/05\/Cantabile-1.wav\" autoplay loop><\/audio><\/figure>\n\n\n\n<h2 class=\"wp-block-heading\">Die R\u00fcckseite der Orgel<\/h2>\n\n\n\n<p>Die Dauerausstellung in der Kalkantenstube f\u00fchrt Sie auf die Spur des t\u00f6nenden Windes. Wie gelangt der Wind in das hoch oben thronende funkelnde Wunderwerk? Welche kunstfertigen Handwerker haben seit dem fr\u00fchen 20. Jahrhundert an dieser technischen Meisterleistung mitgewirkt?<\/p>\n\n\n\n<figure class=\"wp-block-image size-large\"><img loading=\"lazy\" decoding=\"async\" width=\"1707\" height=\"2560\" src=\"http:\/\/kalkantenstube.de\/wp-content\/uploads\/2020\/05\/Treppe_Schnuppern_Kalkantenstube_St.Georg_Hattingen-scaled.jpg\" alt=\"\" class=\"wp-image-385\" srcset=\"https:\/\/kalkantenstube.de\/wp-content\/uploads\/2020\/05\/Treppe_Schnuppern_Kalkantenstube_St.Georg_Hattingen-scaled.jpg 1707w, https:\/\/kalkantenstube.de\/wp-content\/uploads\/2020\/05\/Treppe_Schnuppern_Kalkantenstube_St.Georg_Hattingen-200x300.jpg 200w, https:\/\/kalkantenstube.de\/wp-content\/uploads\/2020\/05\/Treppe_Schnuppern_Kalkantenstube_St.Georg_Hattingen-1365x2048.jpg 1365w\" sizes=\"auto, (max-width: 767px) 89vw, (max-width: 1000px) 54vw, (max-width: 1071px) 543px, 580px\" \/><\/figure>\n\n\n\n<p>Erklimmen Sie die historische Treppe zur Orgelempore und betreten Sie den \u00e4ltesten Winkel der Kirche! Hier erwartet Sie die Welt der Roetzel-Orgel. \u00dcberall finden sich hier Spuren der Zeit und der Menschen, die mit der Orgel leben und gelebt haben.  <\/p>\n\n\n\n<h2 class=\"wp-block-heading\">Die Spuren der Zeit<\/h2>\n\n\n\n<figure class=\"wp-block-gallery columns-1 is-cropped wp-block-gallery-1 is-layout-flex wp-block-gallery-is-layout-flex\"><ul class=\"blocks-gallery-grid\"><li class=\"blocks-gallery-item\"><figure><img loading=\"lazy\" decoding=\"async\" width=\"1024\" height=\"683\" src=\"http:\/\/kalkantenstube.de\/wp-content\/uploads\/2020\/05\/Grundriss_Schnuppern_Kalkantenstube_St.Georg_Hattingen.jpg-1024x683.jpg\" alt=\"\" data-id=\"382\" data-full-url=\"http:\/\/kalkantenstube.de\/wp-content\/uploads\/2020\/05\/Grundriss_Schnuppern_Kalkantenstube_St.Georg_Hattingen.jpg.jpg\" data-link=\"http:\/\/kalkantenstube.de\/?attachment_id=382\" class=\"wp-image-382\" srcset=\"https:\/\/kalkantenstube.de\/wp-content\/uploads\/2020\/05\/Grundriss_Schnuppern_Kalkantenstube_St.Georg_Hattingen.jpg-1024x683.jpg 1024w, https:\/\/kalkantenstube.de\/wp-content\/uploads\/2020\/05\/Grundriss_Schnuppern_Kalkantenstube_St.Georg_Hattingen.jpg-300x200.jpg 300w, https:\/\/kalkantenstube.de\/wp-content\/uploads\/2020\/05\/Grundriss_Schnuppern_Kalkantenstube_St.Georg_Hattingen.jpg-768x512.jpg 768w, https:\/\/kalkantenstube.de\/wp-content\/uploads\/2020\/05\/Grundriss_Schnuppern_Kalkantenstube_St.Georg_Hattingen.jpg.jpg 1500w\" sizes=\"auto, (max-width: 767px) 89vw, (max-width: 1000px) 54vw, (max-width: 1071px) 543px, 580px\" \/><\/figure><\/li><li class=\"blocks-gallery-item\"><figure><img loading=\"lazy\" decoding=\"async\" width=\"768\" height=\"1024\" src=\"http:\/\/kalkantenstube.de\/wp-content\/uploads\/2020\/05\/Ausstellungsansicht2_Schnuppern_Kalkantenstube_St.Georg_Hattingen.jpg-768x1024.jpg\" alt=\"\" data-id=\"376\" data-full-url=\"http:\/\/kalkantenstube.de\/wp-content\/uploads\/2020\/05\/Ausstellungsansicht2_Schnuppern_Kalkantenstube_St.Georg_Hattingen.jpg-scaled.jpg\" data-link=\"http:\/\/kalkantenstube.de\/?attachment_id=376\" class=\"wp-image-376\" srcset=\"https:\/\/kalkantenstube.de\/wp-content\/uploads\/2020\/05\/Ausstellungsansicht2_Schnuppern_Kalkantenstube_St.Georg_Hattingen.jpg-768x1024.jpg 768w, https:\/\/kalkantenstube.de\/wp-content\/uploads\/2020\/05\/Ausstellungsansicht2_Schnuppern_Kalkantenstube_St.Georg_Hattingen.jpg-225x300.jpg 225w, https:\/\/kalkantenstube.de\/wp-content\/uploads\/2020\/05\/Ausstellungsansicht2_Schnuppern_Kalkantenstube_St.Georg_Hattingen.jpg-1152x1536.jpg 1152w, https:\/\/kalkantenstube.de\/wp-content\/uploads\/2020\/05\/Ausstellungsansicht2_Schnuppern_Kalkantenstube_St.Georg_Hattingen.jpg-1536x2048.jpg 1536w, https:\/\/kalkantenstube.de\/wp-content\/uploads\/2020\/05\/Ausstellungsansicht2_Schnuppern_Kalkantenstube_St.Georg_Hattingen.jpg-scaled.jpg 1920w\" sizes=\"auto, (max-width: 767px) 89vw, (max-width: 1000px) 54vw, (max-width: 1071px) 543px, 580px\" \/><\/figure><\/li><\/ul><\/figure>\n\n\n\n<p>Begeben Sie sich auf eine 170 Jahre lange Zeitreise auf die Suche nach den Spuren und Handschriften der f\u00fcnf Orgelbauer. Von den Pl\u00e4nen zur Umsetzung, \u00fcber den Verlust der Pfeifen in Kriegszeiten, hin zur detektivischen Rekonstruktion der Orginalpfeifen bekommen Sie Einblick in das bewegte Leben einer Orgel.  <br><\/p>\n\n\n\n<h2 class=\"wp-block-heading\">Der t\u00f6nende Wind<\/h2>\n\n\n\n<p>Verborgen hinter der Orgel befindet sich die historische Kalkantenstube, der \u00e4lteste Winkel der 800 Jahre alten St.-Georgs-Kirche. Man erreicht ihn \u00fcber eine historische Treppe aus dem fr\u00fchen 19. Jahrhundert. Hier d\u00fcrfen die Besucher*innen selbst zu \u201eKalkanten\u201c werden.<\/p>\n\n\n\n<figure class=\"wp-block-image size-large\"><img loading=\"lazy\" decoding=\"async\" width=\"1707\" height=\"2560\" src=\"http:\/\/kalkantenstube.de\/wp-content\/uploads\/2020\/05\/Exponat_Schnuppern_Kalkantenstube_St.Georg_Hattingen.jpg-scaled.jpg\" alt=\"\" class=\"wp-image-379\" srcset=\"https:\/\/kalkantenstube.de\/wp-content\/uploads\/2020\/05\/Exponat_Schnuppern_Kalkantenstube_St.Georg_Hattingen.jpg-scaled.jpg 1707w, https:\/\/kalkantenstube.de\/wp-content\/uploads\/2020\/05\/Exponat_Schnuppern_Kalkantenstube_St.Georg_Hattingen.jpg-200x300.jpg 200w, https:\/\/kalkantenstube.de\/wp-content\/uploads\/2020\/05\/Exponat_Schnuppern_Kalkantenstube_St.Georg_Hattingen.jpg-1365x2048.jpg 1365w\" sizes=\"auto, (max-width: 767px) 89vw, (max-width: 1000px) 54vw, (max-width: 1071px) 543px, 580px\" \/><\/figure>\n\n\n\n<p>Hier ein Blick auf eines der Exponate.<\/p>\n\n\n\n<h2 class=\"wp-block-heading\">Das Wunderwerk<\/h2>\n\n\n\n<figure class=\"wp-block-image size-large\"><img loading=\"lazy\" decoding=\"async\" width=\"2560\" height=\"1801\" src=\"http:\/\/kalkantenstube.de\/wp-content\/uploads\/2020\/05\/Wunderwerk_Schnuppern_Kalkantenstube_St.Georg_Hattingen.jpg-scaled.jpg\" alt=\"\" class=\"wp-image-386\" srcset=\"https:\/\/kalkantenstube.de\/wp-content\/uploads\/2020\/05\/Wunderwerk_Schnuppern_Kalkantenstube_St.Georg_Hattingen.jpg-scaled.jpg 2560w, https:\/\/kalkantenstube.de\/wp-content\/uploads\/2020\/05\/Wunderwerk_Schnuppern_Kalkantenstube_St.Georg_Hattingen.jpg-300x211.jpg 300w, https:\/\/kalkantenstube.de\/wp-content\/uploads\/2020\/05\/Wunderwerk_Schnuppern_Kalkantenstube_St.Georg_Hattingen.jpg-768x540.jpg 768w, https:\/\/kalkantenstube.de\/wp-content\/uploads\/2020\/05\/Wunderwerk_Schnuppern_Kalkantenstube_St.Georg_Hattingen.jpg-2048x1441.jpg 2048w\" sizes=\"auto, (max-width: 767px) 89vw, (max-width: 1000px) 54vw, (max-width: 1071px) 543px, 580px\" \/><\/figure>\n\n\n\n<p>Ein Blick ins Innenleben der modernisierten Luftmaschine. Die Daueraustellung zeigt auch die ausgekl\u00fcgete Mechanik der Orgel an praktischen Beispielen.  <\/p>\n\n\n\n<figure class=\"wp-block-image size-large\"><img loading=\"lazy\" decoding=\"async\" width=\"1024\" height=\"686\" src=\"http:\/\/kalkantenstube.de\/wp-content\/uploads\/2020\/05\/Pfeifen_Schnuppern_Kalkantenstube_St.Georg_Hattingen.jpg-1024x686.jpg\" alt=\"\" class=\"wp-image-384\" srcset=\"https:\/\/kalkantenstube.de\/wp-content\/uploads\/2020\/05\/Pfeifen_Schnuppern_Kalkantenstube_St.Georg_Hattingen.jpg-1024x686.jpg 1024w, https:\/\/kalkantenstube.de\/wp-content\/uploads\/2020\/05\/Pfeifen_Schnuppern_Kalkantenstube_St.Georg_Hattingen.jpg-300x201.jpg 300w, https:\/\/kalkantenstube.de\/wp-content\/uploads\/2020\/05\/Pfeifen_Schnuppern_Kalkantenstube_St.Georg_Hattingen.jpg-768x514.jpg 768w, https:\/\/kalkantenstube.de\/wp-content\/uploads\/2020\/05\/Pfeifen_Schnuppern_Kalkantenstube_St.Georg_Hattingen.jpg-1536x1028.jpg 1536w, https:\/\/kalkantenstube.de\/wp-content\/uploads\/2020\/05\/Pfeifen_Schnuppern_Kalkantenstube_St.Georg_Hattingen.jpg-2048x1371.jpg 2048w\" sizes=\"auto, (max-width: 767px) 89vw, (max-width: 1000px) 54vw, (max-width: 1071px) 543px, 580px\" \/><\/figure>\n\n\n\n<p>Nur von hinten kann man einen Blick auf das geheime Innenleben der Orgel und ihre fast 2000 Pfeifen werfen.<\/p>\n","protected":false},"excerpt":{"rendered":"<p>Die R\u00fcckseite der Orgel Die Dauerausstellung in der Kalkantenstube f\u00fchrt Sie auf die Spur des t\u00f6nenden Windes. Wie gelangt der Wind in das hoch oben thronende funkelnde Wunderwerk? Welche kunstfertigen Handwerker haben seit dem fr\u00fchen 20. Jahrhundert an dieser technischen Meisterleistung mitgewirkt? Erklimmen Sie die historische Treppe zur Orgelempore und betreten Sie den \u00e4ltesten Winkel &hellip; <\/p>\n<p class=\"link-more\"><a href=\"https:\/\/kalkantenstube.de\/?page_id=19\" class=\"more-link\"><span class=\"screen-reader-text\">\u201eSchnuppern\u201c<\/span> weiterlesen<\/a><\/p>\n","protected":false},"author":1,"featured_media":0,"parent":0,"menu_order":0,"comment_status":"closed","ping_status":"closed","template":"","meta":{"footnotes":""},"class_list":["post-19","page","type-page","status-publish","hentry"],"_links":{"self":[{"href":"https:\/\/kalkantenstube.de\/index.php?rest_route=\/wp\/v2\/pages\/19","targetHints":{"allow":["GET"]}}],"collection":[{"href":"https:\/\/kalkantenstube.de\/index.php?rest_route=\/wp\/v2\/pages"}],"about":[{"href":"https:\/\/kalkantenstube.de\/index.php?rest_route=\/wp\/v2\/types\/page"}],"author":[{"embeddable":true,"href":"https:\/\/kalkantenstube.de\/index.php?rest_route=\/wp\/v2\/users\/1"}],"replies":[{"embeddable":true,"href":"https:\/\/kalkantenstube.de\/index.php?rest_route=%2Fwp%2Fv2%2Fcomments&post=19"}],"version-history":[{"count":38,"href":"https:\/\/kalkantenstube.de\/index.php?rest_route=\/wp\/v2\/pages\/19\/revisions"}],"predecessor-version":[{"id":436,"href":"https:\/\/kalkantenstube.de\/index.php?rest_route=\/wp\/v2\/pages\/19\/revisions\/436"}],"wp:attachment":[{"href":"https:\/\/kalkantenstube.de\/index.php?rest_route=%2Fwp%2Fv2%2Fmedia&parent=19"}],"curies":[{"name":"wp","href":"https:\/\/api.w.org\/{rel}","templated":true}]}}